{"id":572,"date":"2021-03-09T14:15:43","date_gmt":"2021-03-09T12:15:43","guid":{"rendered":"http:\/\/andnet.ro\/ploiesti-brasov\/?page_id=572"},"modified":"2021-03-24T08:24:59","modified_gmt":"2021-03-24T06:24:59","slug":"referinte-din-presa","status":"publish","type":"page","link":"https:\/\/ploiesti-brasov.ro\/index.php\/referinte-din-presa\/","title":{"rendered":"Referin\u021be din pres\u0103"},"content":{"rendered":"\t\t<div data-elementor-type=\"wp-page\" data-elementor-id=\"572\" class=\"elementor elementor-572\" data-elementor-settings=\"[]\">\n\t\t\t\t\t\t\t<div class=\"elementor-section-wrap\">\n\t\t\t\t\t\t\t<section class=\"elementor-section elementor-top-section elementor-element elementor-element-19f146f elementor-section-boxed elementor-section-height-default elementor-section-height-default\" data-id=\"19f146f\" data-element_type=\"section\">\n\t\t\t\t\t\t<div class=\"elementor-container elementor-column-gap-default\">\n\t\t\t\t\t<div class=\"elementor-column elementor-col-100 elementor-top-column elementor-element elementor-element-469b429\" data-id=\"469b429\" data-element_type=\"column\">\n\t\t\t<div class=\"elementor-widget-wrap elementor-element-populated\">\n\t\t\t\t\t\t\t\t<div class=\"elementor-element elementor-element-1505929 elementor-widget elementor-widget-text-editor\" data-id=\"1505929\" data-element_type=\"widget\" data-widget_type=\"text-editor.default\">\n\t\t\t\t<div class=\"elementor-widget-container\">\n\t\t\t\t\t\t\t<p class=\"post-title\"><a href=\"https:\/\/www.bursa.ro\/drula-anunta-inceperea-pregatirii-tehnice-pentru-constructia-autostrazii-a3-ploiesti-brasov-45844247\" target=\"_blank\" rel=\"noopener\"><span style=\"text-decoration: underline;\"><strong>Drul\u0103 anun\u0163\u0103 \u00eenceperea preg\u0103tirii tehnice pentru construc\u0163ia autostr\u0103zii A3 Ploie\u015fti-Bra\u015fov<\/strong><\/span><\/a><\/p><p>Bursa.ro &#8211; 11 Martie 2021<\/p>\t\t\t\t\t\t<\/div>\n\t\t\t\t<\/div>\n\t\t\t\t\t<\/div>\n\t\t<\/div>\n\t\t\t\t\t\t\t<\/div>\n\t\t<\/section>\n\t\t\t\t<section class=\"elementor-section elementor-top-section elementor-element elementor-element-487a6db elementor-section-boxed elementor-section-height-default elementor-section-height-default\" data-id=\"487a6db\" data-element_type=\"section\">\n\t\t\t\t\t\t<div class=\"elementor-container elementor-column-gap-default\">\n\t\t\t\t\t<div class=\"elementor-column elementor-col-100 elementor-top-column elementor-element elementor-element-e89f1cf\" data-id=\"e89f1cf\" data-element_type=\"column\">\n\t\t\t<div class=\"elementor-widget-wrap elementor-element-populated\">\n\t\t\t\t\t\t\t\t<div class=\"elementor-element elementor-element-5bca79f elementor-widget elementor-widget-text-editor\" data-id=\"5bca79f\" data-element_type=\"widget\" data-widget_type=\"text-editor.default\">\n\t\t\t\t<div class=\"elementor-widget-container\">\n\t\t\t\t\t\t\t<p class=\"post-title\"><a href=\"https:\/\/www.g4media.ro\/incepe-pregatirea-autostrazii-a3-ploiesti-brasov-catalin-drula-pe-sectoarele-critice-unde-traficul-este-infernal-am-cerut-ca-documentatia-sa-fie-livrata-in-avans-a3-ar-urma-sa-treaca-prin-tunel.html\" target=\"_blank\" rel=\"noopener\"><span style=\"text-decoration: underline;\"><strong>\u00cencepe preg\u0103tirea autostr\u0103zii A3 Ploie\u0219ti-Bra\u0219ov \/ C\u0103t\u0103lin Drul\u0103: Pe sectoarele critice, unde traficul este infernal, am cerut ca documenta\u021bia s\u0103 fie livrat\u0103 \u00een avans \/ A3 ar urma s\u0103 treac\u0103 prin tuneluri \u00een Sinaia \u0219i Bu\u0219teni<\/strong><\/span><\/a><\/p><p>G4Media.ro &#8211; 11 Martie 2021<\/p>\t\t\t\t\t\t<\/div>\n\t\t\t\t<\/div>\n\t\t\t\t\t<\/div>\n\t\t<\/div>\n\t\t\t\t\t\t\t<\/div>\n\t\t<\/section>\n\t\t\t\t<section class=\"elementor-section elementor-top-section elementor-element elementor-element-4560b39 elementor-section-boxed elementor-section-height-default elementor-section-height-default\" data-id=\"4560b39\" data-element_type=\"section\">\n\t\t\t\t\t\t<div class=\"elementor-container elementor-column-gap-default\">\n\t\t\t\t\t<div class=\"elementor-column elementor-col-100 elementor-top-column elementor-element elementor-element-47410f0\" data-id=\"47410f0\" data-element_type=\"column\">\n\t\t\t<div class=\"elementor-widget-wrap elementor-element-populated\">\n\t\t\t\t\t\t\t\t<div class=\"elementor-element elementor-element-38d4a27 elementor-widget elementor-widget-text-editor\" data-id=\"38d4a27\" data-element_type=\"widget\" data-widget_type=\"text-editor.default\">\n\t\t\t\t<div class=\"elementor-widget-container\">\n\t\t\t\t\t\t\t<p class=\"post-title\"><a href=\"https:\/\/www.capital.ro\/ministrul-transporturilor-catalin-drula-incepe-pregatirea-tehnica-a-autostrazii-ploiesti-brasov.html\" target=\"_blank\" rel=\"noopener\"><span style=\"text-decoration: underline;\"><strong>Ministrul Transporturilor, C\u0103t\u0103lin Drul\u0103: \u00cencepe preg\u0103tirea tehnic\u0103 a autostr\u0103zii Ploie\u015fti-Bra\u015fov<\/strong><\/span><\/a><\/p><p>Capital.ro &#8211; 11 Martie 2021<\/p>\t\t\t\t\t\t<\/div>\n\t\t\t\t<\/div>\n\t\t\t\t\t<\/div>\n\t\t<\/div>\n\t\t\t\t\t\t\t<\/div>\n\t\t<\/section>\n\t\t\t\t<section class=\"elementor-section elementor-top-section elementor-element elementor-element-789af37 elementor-section-boxed elementor-section-height-default elementor-section-height-default\" data-id=\"789af37\" data-element_type=\"section\">\n\t\t\t\t\t\t<div class=\"elementor-container elementor-column-gap-default\">\n\t\t\t\t\t<div class=\"elementor-column elementor-col-100 elementor-top-column elementor-element elementor-element-ee1316c\" data-id=\"ee1316c\" data-element_type=\"column\">\n\t\t\t<div class=\"elementor-widget-wrap elementor-element-populated\">\n\t\t\t\t\t\t\t\t<div class=\"elementor-element elementor-element-ae13567 elementor-widget elementor-widget-text-editor\" data-id=\"ae13567\" data-element_type=\"widget\" data-widget_type=\"text-editor.default\">\n\t\t\t\t<div class=\"elementor-widget-container\">\n\t\t\t\t\t\t\t<div class=\"col-xs-12\"><p class=\"article-title\"><a href=\"https:\/\/www.wall-street.ro\/articol\/Auto\/269210\/catalin-drula-incepe-pregatirea-autostrazii-a3-ploiesti-brasov.html#gref\" target=\"_blank\" rel=\"noopener\"><span style=\"text-decoration: underline;\"><strong>C\u0103t\u0103lin Drul\u0103: \u00cencepe preg\u0103tirea autostr\u0103zii A3 Ploie\u0219ti-Bra\u0219ov<\/strong><\/span><\/a><\/p><p>Wall-Street.ro &#8211; 11 Martie 2021<\/p><\/div><div class=\"col-xs-12 col-md-8\"><div class=\"article-image-social \"><div class=\"image\">\u00a0<\/div><\/div><\/div>\t\t\t\t\t\t<\/div>\n\t\t\t\t<\/div>\n\t\t\t\t\t<\/div>\n\t\t<\/div>\n\t\t\t\t\t\t\t<\/div>\n\t\t<\/section>\n\t\t\t\t<section class=\"elementor-section elementor-top-section elementor-element elementor-element-b7aea94 elementor-section-boxed elementor-section-height-default elementor-section-height-default\" data-id=\"b7aea94\" data-element_type=\"section\">\n\t\t\t\t\t\t<div class=\"elementor-container elementor-column-gap-default\">\n\t\t\t\t\t<div class=\"elementor-column elementor-col-100 elementor-top-column elementor-element elementor-element-b5ea126\" data-id=\"b5ea126\" data-element_type=\"column\">\n\t\t\t<div class=\"elementor-widget-wrap elementor-element-populated\">\n\t\t\t\t\t\t\t\t<div class=\"elementor-element elementor-element-bdbf757 elementor-widget elementor-widget-text-editor\" data-id=\"bdbf757\" data-element_type=\"widget\" data-widget_type=\"text-editor.default\">\n\t\t\t\t<div class=\"elementor-widget-container\">\n\t\t\t\t\t\t\t<p class=\"single__title\"><a href=\"https:\/\/www.gandul.ro\/financiar\/macroeconomie\/infrastructura\/unda-verde-pentru-tronsonul-de-autostrada-ploiesti-brasov-studiul-de-fezabilitate-si-proiectul-tehnic-pot-fi-realizate-19599562\" target=\"_blank\" rel=\"noopener\"><span style=\"text-decoration: underline;\"><strong>Und\u0103 verde pentru tronsonul de autostrad\u0103 Ploie\u0219ti \u2013 Bra\u0219ov. Studiul de Fezabilitate \u0219i Proiectul Tehnic pot fi realizate<\/strong><\/span><\/a><\/p><p><span class=\"dia_suggestion w0\" contextmenu=\"true\">G\u00e2ndul<\/span>.ro &#8211; 11 Martie 2021<\/p>\t\t\t\t\t\t<\/div>\n\t\t\t\t<\/div>\n\t\t\t\t\t<\/div>\n\t\t<\/div>\n\t\t\t\t\t\t\t<\/div>\n\t\t<\/section>\n\t\t\t\t<section class=\"elementor-section elementor-top-section elementor-element elementor-element-c442d11 elementor-section-boxed elementor-section-height-default elementor-section-height-default\" data-id=\"c442d11\" data-element_type=\"section\">\n\t\t\t\t\t\t<div class=\"elementor-container elementor-column-gap-default\">\n\t\t\t\t\t<div class=\"elementor-column elementor-col-100 elementor-top-column elementor-element elementor-element-8ec6803\" data-id=\"8ec6803\" data-element_type=\"column\">\n\t\t\t<div class=\"elementor-widget-wrap elementor-element-populated\">\n\t\t\t\t\t\t\t\t<div class=\"elementor-element elementor-element-7860c81 elementor-widget elementor-widget-text-editor\" data-id=\"7860c81\" data-element_type=\"widget\" data-widget_type=\"text-editor.default\">\n\t\t\t\t<div class=\"elementor-widget-container\">\n\t\t\t\t\t\t\t<p class=\"single__title\"><a href=\"https:\/\/www.economica.net\/drula-start-pentru-pregatirea-tehnica-a-autostrazii-ploiesti-brasov_497692.html\" target=\"_blank\" rel=\"noopener\"><span style=\"text-decoration: underline;\"><strong>Drul\u0103: Start pentru preg\u0103tirea tehnic\u0103 a autostr\u0103zii Ploie\u015fti-Bra\u015fov<\/strong><\/span><\/a><\/p><p>Economica.net &#8211; 11 Martie 2021<\/p>\t\t\t\t\t\t<\/div>\n\t\t\t\t<\/div>\n\t\t\t\t\t<\/div>\n\t\t<\/div>\n\t\t\t\t\t\t\t<\/div>\n\t\t<\/section>\n\t\t\t\t<section class=\"elementor-section elementor-top-section elementor-element elementor-element-4f76c07 elementor-section-boxed elementor-section-height-default elementor-section-height-default\" data-id=\"4f76c07\" data-element_type=\"section\">\n\t\t\t\t\t\t<div class=\"elementor-container elementor-column-gap-default\">\n\t\t\t\t\t<div class=\"elementor-column elementor-col-100 elementor-top-column elementor-element elementor-element-046691b\" data-id=\"046691b\" data-element_type=\"column\">\n\t\t\t<div class=\"elementor-widget-wrap elementor-element-populated\">\n\t\t\t\t\t\t\t\t<div class=\"elementor-element elementor-element-3564b6f elementor-widget elementor-widget-text-editor\" data-id=\"3564b6f\" data-element_type=\"widget\" data-widget_type=\"text-editor.default\">\n\t\t\t\t<div class=\"elementor-widget-container\">\n\t\t\t\t\t\t\t<p><a href=\"https:\/\/www.dcnews.ro\/autostrada-ploiesti-brasov-a-fost-inmanat-ordinul-de-incepere-pentru-elaborarea-studiului_806967.html\" target=\"_blank\" rel=\"noopener\"><span style=\"text-decoration: underline;\"><strong>Autostrada Ploie\u0219ti-Bra\u0219ov. A fost \u00eenm\u00e2nat ordinul de \u00eencepere pentru elaborarea studiului<\/strong><\/span><\/a><\/p><p>DCNEWS.ro &#8211; 11 Martie 2021<\/p>\t\t\t\t\t\t<\/div>\n\t\t\t\t<\/div>\n\t\t\t\t\t<\/div>\n\t\t<\/div>\n\t\t\t\t\t\t\t<\/div>\n\t\t<\/section>\n\t\t\t\t<section class=\"elementor-section elementor-top-section elementor-element elementor-element-1efe5d9 elementor-section-boxed elementor-section-height-default elementor-section-height-default\" data-id=\"1efe5d9\" data-element_type=\"section\">\n\t\t\t\t\t\t<div class=\"elementor-container elementor-column-gap-default\">\n\t\t\t\t\t<div class=\"elementor-column elementor-col-100 elementor-top-column elementor-element elementor-element-8b9b4ef\" data-id=\"8b9b4ef\" data-element_type=\"column\">\n\t\t\t<div class=\"elementor-widget-wrap elementor-element-populated\">\n\t\t\t\t\t\t\t\t<div class=\"elementor-element elementor-element-120dd90 elementor-widget elementor-widget-text-editor\" data-id=\"120dd90\" data-element_type=\"widget\" data-widget_type=\"text-editor.default\">\n\t\t\t\t<div class=\"elementor-widget-container\">\n\t\t\t\t\t\t\t<p><a href=\"https:\/\/adevarul.ro\/economie\/stiri-economice\/ordinul-elaborarea-proiectului-tehnic-autostrazii-ploiesti-brasov-fost-inmanat-drula-nu-mai-permitem-pierdem-niciun-moment-1_6049e5e95163ec4271c8ebfe\/index.html\" target=\"_blank\" rel=\"noopener\"><span style=\"text-decoration: underline;\"><strong>Ordinul pentru elaborarea proiectului tehnic al Autostr\u0103zii Ploie\u015fti-Bra\u015fov a fost \u00eenm\u00e2nat. Drul\u0103: Nu ne mai permitem s\u0103 pierdem niciun moment.<\/strong><\/span><\/a><\/p><p>Adev\u0103rul.ro &#8211; 11 Martie 2021<\/p>\t\t\t\t\t\t<\/div>\n\t\t\t\t<\/div>\n\t\t\t\t\t<\/div>\n\t\t<\/div>\n\t\t\t\t\t\t\t<\/div>\n\t\t<\/section>\n\t\t\t\t<section class=\"elementor-section elementor-top-section elementor-element elementor-element-46dd808 elementor-section-boxed elementor-section-height-default elementor-section-height-default\" data-id=\"46dd808\" data-element_type=\"section\">\n\t\t\t\t\t\t<div class=\"elementor-container elementor-column-gap-default\">\n\t\t\t\t\t<div class=\"elementor-column elementor-col-100 elementor-top-column elementor-element elementor-element-2a0441f\" data-id=\"2a0441f\" data-element_type=\"column\">\n\t\t\t<div class=\"elementor-widget-wrap elementor-element-populated\">\n\t\t\t\t\t\t\t\t<div class=\"elementor-element elementor-element-7b980a2 elementor-widget elementor-widget-text-editor\" data-id=\"7b980a2\" data-element_type=\"widget\" data-widget_type=\"text-editor.default\">\n\t\t\t\t<div class=\"elementor-widget-container\">\n\t\t\t\t\t\t\t<hr \/><p><span style=\"color: #000080;\"><strong><span style=\"text-decoration: underline;\"><a style=\"color: #000080; text-decoration: underline;\" href=\"https:\/\/monitorizari.hotnews.ro\/stiri-infrastructura_articole-24596078-autostrada-a3-valea-prahovei-ploiesti-comarnic-brasov-licitatia-proiectare-tuneluri-sinaia-busteni.htm\">Autostrada A3 Ploie\u0219ti-Comarnic-Bra\u0219ov: A fost finalizat\u0103 licita\u021bia pentru proiectare \/ Drul\u0103: \u201eVrem solu\u021bii tehnice moderne, demne de anul 2021\u201d<\/a><\/span><\/strong><\/span><\/p><p>HotNews.ro &#8211; 10 Februarie 2021<\/p>\t\t\t\t\t\t<\/div>\n\t\t\t\t<\/div>\n\t\t\t\t\t<\/div>\n\t\t<\/div>\n\t\t\t\t\t\t\t<\/div>\n\t\t<\/section>\n\t\t\t\t<section class=\"elementor-section elementor-top-section elementor-element elementor-element-8302238 elementor-section-boxed elementor-section-height-default elementor-section-height-default\" data-id=\"8302238\" data-element_type=\"section\">\n\t\t\t\t\t\t<div class=\"elementor-container elementor-column-gap-default\">\n\t\t\t\t\t<div class=\"elementor-column elementor-col-100 elementor-top-column elementor-element elementor-element-38518a4\" data-id=\"38518a4\" data-element_type=\"column\">\n\t\t\t<div class=\"elementor-widget-wrap elementor-element-populated\">\n\t\t\t\t\t\t\t\t<div class=\"elementor-element elementor-element-d91c6cc elementor-widget elementor-widget-text-editor\" data-id=\"d91c6cc\" data-element_type=\"widget\" data-widget_type=\"text-editor.default\">\n\t\t\t\t<div class=\"elementor-widget-container\">\n\t\t\t\t\t\t\t<hr \/><p><span style=\"color: #000080;\"><strong><span style=\"text-decoration: underline;\"><a style=\"color: #000080; text-decoration: underline;\" href=\"https:\/\/www.economica.net\/a3-ploiesti-comarnic-brasov-drula-contractul-cu-firma-de-proiectare-pentru-va-fi-semnat-zilele-urmatoare_196825.html\">A3 Ploie\u015fti-Comarnic-Bra\u015fov \u2013 Drul\u0103: Contractul cu firma de proiectare va fi semnat zilele urm\u0103toare<\/a><\/span><\/strong><\/span><\/p><p>Economica.net &#8211; 10 Februarie 2021<\/p>\t\t\t\t\t\t<\/div>\n\t\t\t\t<\/div>\n\t\t\t\t\t<\/div>\n\t\t<\/div>\n\t\t\t\t\t\t\t<\/div>\n\t\t<\/section>\n\t\t\t\t\t\t<\/div>\n\t\t\t\t\t<\/div>\n\t\t","protected":false},"excerpt":{"rendered":"<p>Drul\u0103 anun\u0163\u0103 \u00eenceperea preg\u0103tirii tehnice pentru construc\u0163ia autostr\u0103zii A3 Ploie\u015fti-Bra\u015fov Bursa.ro &#8211; 11 Martie 2021 \u00cencepe preg\u0103tirea autostr\u0103zii A3 Ploie\u0219ti-Bra\u0219ov \/ C\u0103t\u0103lin Drul\u0103: Pe sectoarele critice, unde traficul este infernal, am cerut ca documenta\u021bia s\u0103 fie livrat\u0103 \u00een avans \/ [&hellip;]<\/p>\n","protected":false},"author":1,"featured_media":0,"parent":0,"menu_order":0,"comment_status":"closed","ping_status":"closed","template":"","meta":[],"_links":{"self":[{"href":"https:\/\/ploiesti-brasov.ro\/index.php\/wp-json\/wp\/v2\/pages\/572"}],"collection":[{"href":"https:\/\/ploiesti-brasov.ro\/index.php\/wp-json\/wp\/v2\/pages"}],"about":[{"href":"https:\/\/ploiesti-brasov.ro\/index.php\/wp-json\/wp\/v2\/types\/page"}],"author":[{"embeddable":true,"href":"https:\/\/ploiesti-brasov.ro\/index.php\/wp-json\/wp\/v2\/users\/1"}],"replies":[{"embeddable":true,"href":"https:\/\/ploiesti-brasov.ro\/index.php\/wp-json\/wp\/v2\/comments?post=572"}],"version-history":[{"count":65,"href":"https:\/\/ploiesti-brasov.ro\/index.php\/wp-json\/wp\/v2\/pages\/572\/revisions"}],"predecessor-version":[{"id":1175,"href":"https:\/\/ploiesti-brasov.ro\/index.php\/wp-json\/wp\/v2\/pages\/572\/revisions\/1175"}],"wp:attachment":[{"href":"https:\/\/ploiesti-brasov.ro\/index.php\/wp-json\/wp\/v2\/media?parent=572"}],"curies":[{"name":"wp","href":"https:\/\/api.w.org\/{rel}","templated":true}]}}